{"id":121,"date":"2023-10-16T22:49:46","date_gmt":"2023-10-16T20:49:46","guid":{"rendered":"https:\/\/melofleurs.fr\/?page_id=121"},"modified":"2023-11-30T16:39:40","modified_gmt":"2023-11-30T15:39:40","slug":"fleurs-coupees","status":"publish","type":"page","link":"https:\/\/melofleurs.fr\/index.php\/fleurs-coupees\/","title":{"rendered":"Fleurs coup\u00e9es"},"content":{"rendered":"\n<div style=\"max-width:810px; margin-left: auto;margin-right: auto;\">\n\n\n\n<div class=\"wp-block-media-text is-stacked-on-mobile\" style=\"grid-template-columns:22% auto\"><figure class=\"wp-block-media-text__media\"><img loading=\"lazy\" decoding=\"async\" width=\"1024\" height=\"1024\" src=\"https:\/\/melofleurs.fr\/wp-content\/uploads\/2023\/11\/xhrKupeqnts4-1024x1024.png\" alt=\"\" class=\"wp-image-499 size-full\" srcset=\"https:\/\/melofleurs.fr\/wp-content\/uploads\/2023\/11\/xhrKupeqnts4-1024x1024.png 1024w, https:\/\/melofleurs.fr\/wp-content\/uploads\/2023\/11\/xhrKupeqnts4-300x300.png 300w, https:\/\/melofleurs.fr\/wp-content\/uploads\/2023\/11\/xhrKupeqnts4-150x150.png 150w, https:\/\/melofleurs.fr\/wp-content\/uploads\/2023\/11\/xhrKupeqnts4-768x768.png 768w, https:\/\/melofleurs.fr\/wp-content\/uploads\/2023\/11\/xhrKupeqnts4-100x100.png 100w, https:\/\/melofleurs.fr\/wp-content\/uploads\/2023\/11\/xhrKupeqnts4.png 1080w\" sizes=\"auto, (max-width: 767px) 89vw, (max-width: 1000px) 54vw, (max-width: 1071px) 543px, 580px\" \/><\/figure><div class=\"wp-block-media-text__content\">\n<p><strong>D\u00e9couvrez nos fleurs coup\u00e9es : fra\u00eeches, \u00e9clatantes et uniques<\/strong> <br>Chez M\u00e9lo&#8217;Fleurs, nous sommes passionn\u00e9s par l&#8217;art de la fleur. C&#8217;est pourquoi nous vous proposons une s\u00e9lection exceptionnelle de fleurs coup\u00e9es, fra\u00eeches et vibrantes de couleurs. Chaque p\u00e9tale est soigneusement choisi pour sa qualit\u00e9 et sa beaut\u00e9, cr\u00e9ant ainsi des compositions florales qui captivent l&#8217;\u0153il et touchent le c\u0153ur. <\/p>\n<\/div><\/div>\n\n\n\n<div style=\"height:40px;\"><\/div>\n\n\n\n<div class=\"wp-block-media-text has-media-on-the-right is-stacked-on-mobile\" style=\"grid-template-columns:auto 22%\"><div class=\"wp-block-media-text__content\">\n<p><strong>Un soup\u00e7on de magie dans chaque cr\u00e9ation<\/strong> <br>Nos bouquets de fleurs coup\u00e9es sont bien plus qu&#8217;une simple assembl\u00e9e de tiges. Ce sont des \u0153uvres d&#8217;art \u00e9ph\u00e9m\u00e8res, m\u00e9ticuleusement con\u00e7ues pour \u00e9voquer des \u00e9motions et raconter des histoires. Que vous souhaitiez offrir un geste tendre, c\u00e9l\u00e9brer un moment sp\u00e9cial ou simplement \u00e9gayer votre espace, nos fleuristes experts sont l\u00e0 pour cr\u00e9er des bouquets sur mesure qui r\u00e9pondent \u00e0 vos attentes. <\/p>\n<\/div><figure class=\"wp-block-media-text__media\"><img loading=\"lazy\" decoding=\"async\" width=\"1024\" height=\"1024\" src=\"https:\/\/melofleurs.fr\/wp-content\/uploads\/2023\/11\/xhrKupeqnts4-1-1024x1024.png\" alt=\"\" class=\"wp-image-501 size-full\" srcset=\"https:\/\/melofleurs.fr\/wp-content\/uploads\/2023\/11\/xhrKupeqnts4-1-1024x1024.png 1024w, https:\/\/melofleurs.fr\/wp-content\/uploads\/2023\/11\/xhrKupeqnts4-1-300x300.png 300w, https:\/\/melofleurs.fr\/wp-content\/uploads\/2023\/11\/xhrKupeqnts4-1-150x150.png 150w, https:\/\/melofleurs.fr\/wp-content\/uploads\/2023\/11\/xhrKupeqnts4-1-768x768.png 768w, https:\/\/melofleurs.fr\/wp-content\/uploads\/2023\/11\/xhrKupeqnts4-1-100x100.png 100w, https:\/\/melofleurs.fr\/wp-content\/uploads\/2023\/11\/xhrKupeqnts4-1.png 1080w\" sizes=\"auto, (max-width: 767px) 89vw, (max-width: 1000px) 54vw, (max-width: 1071px) 543px, 580px\" \/><\/figure><\/div>\n\n\n\n<div style=\"height:40px;\"><\/div>\n\n\n\n<div class=\"wp-block-media-text is-stacked-on-mobile\" style=\"grid-template-columns:21% auto\"><figure class=\"wp-block-media-text__media\"><img loading=\"lazy\" decoding=\"async\" width=\"1024\" height=\"1024\" src=\"https:\/\/melofleurs.fr\/wp-content\/uploads\/2023\/11\/xhrKupeqnts4-2-1024x1024.png\" alt=\"\" class=\"wp-image-502 size-full\" srcset=\"https:\/\/melofleurs.fr\/wp-content\/uploads\/2023\/11\/xhrKupeqnts4-2-1024x1024.png 1024w, https:\/\/melofleurs.fr\/wp-content\/uploads\/2023\/11\/xhrKupeqnts4-2-300x300.png 300w, https:\/\/melofleurs.fr\/wp-content\/uploads\/2023\/11\/xhrKupeqnts4-2-150x150.png 150w, https:\/\/melofleurs.fr\/wp-content\/uploads\/2023\/11\/xhrKupeqnts4-2-768x768.png 768w, https:\/\/melofleurs.fr\/wp-content\/uploads\/2023\/11\/xhrKupeqnts4-2-100x100.png 100w, https:\/\/melofleurs.fr\/wp-content\/uploads\/2023\/11\/xhrKupeqnts4-2.png 1080w\" sizes=\"auto, (max-width: 767px) 89vw, (max-width: 1000px) 54vw, (max-width: 1071px) 543px, 580px\" \/><\/figure><div class=\"wp-block-media-text__content\">\n<p><\/p>\n\n\n\n<p><strong>Fleurs \u00e0 l&#8217;unit\u00e9 : la beaut\u00e9 simple \u00e0 port\u00e9e de main<\/strong><br>Parfois, la beaut\u00e9 r\u00e9side dans la simplicit\u00e9 d&#8217;une seule fleur. D\u00e9couvrez notre s\u00e9lection de fleurs \u00e0 l&#8217;unit\u00e9, chaque vari\u00e9t\u00e9 rayonnant avec sa propre gr\u00e2ce naturelle. Offrez-vous ou \u00e0 vos proches une exp\u00e9rience florale unique en choisissant parmi nos fleurs individuelles, id\u00e9ales pour ajouter une touche de fra\u00eecheur et d&#8217;\u00e9l\u00e9gance \u00e0 n&#8217;importe quelle occasion.<\/p>\n<\/div><\/div>\n\n\n\n<div style=\"height:40px;\"><\/div>\n\n\n\n<div class=\"wp-block-media-text has-media-on-the-right is-stacked-on-mobile\" style=\"grid-template-columns:auto 22%\"><div class=\"wp-block-media-text__content\">\n<p><strong>L&#8217;harmonie des couleurs et des formes<\/strong> <br>Nos compositions florales sont des chefs-d&#8217;\u0153uvre de cr\u00e9ativit\u00e9, m\u00ealant harmonieusement couleurs, textures et formes. Chaque composition est une c\u00e9l\u00e9bration de la nature, mettant en valeur la diversit\u00e9 des fleurs et des feuillages. Parfaites pour les \u00e9v\u00e9nements sp\u00e9ciaux, les f\u00eates ou tout simplement pour embellir votre quotidien, nos compositions florales apportent une touche artistique \u00e0 chaque espace.<\/p>\n<\/div><figure class=\"wp-block-media-text__media\"><img loading=\"lazy\" decoding=\"async\" width=\"1024\" height=\"1024\" src=\"https:\/\/melofleurs.fr\/wp-content\/uploads\/2023\/11\/xhrKupeqnts4-3-1024x1024.png\" alt=\"\" class=\"wp-image-503 size-full\" srcset=\"https:\/\/melofleurs.fr\/wp-content\/uploads\/2023\/11\/xhrKupeqnts4-3-1024x1024.png 1024w, https:\/\/melofleurs.fr\/wp-content\/uploads\/2023\/11\/xhrKupeqnts4-3-300x300.png 300w, https:\/\/melofleurs.fr\/wp-content\/uploads\/2023\/11\/xhrKupeqnts4-3-150x150.png 150w, https:\/\/melofleurs.fr\/wp-content\/uploads\/2023\/11\/xhrKupeqnts4-3-768x768.png 768w, https:\/\/melofleurs.fr\/wp-content\/uploads\/2023\/11\/xhrKupeqnts4-3-100x100.png 100w, https:\/\/melofleurs.fr\/wp-content\/uploads\/2023\/11\/xhrKupeqnts4-3.png 1080w\" sizes=\"auto, (max-width: 767px) 89vw, (max-width: 1000px) 54vw, (max-width: 1071px) 543px, 580px\" \/><\/figure><\/div>\n\n\n\n<p><\/p>\n\n\n\n<div style=\"height:40px;\"><\/div>\n\n\n\n<p>Chez M\u00e9lo&#8217;Fleurs, nous croyons que chaque fleur a une histoire \u00e0 raconter, et chaque bouquet est une occasion de cr\u00e9er un moment magique. Explorez notre collection de fleurs coup\u00e9es, de bouquets personnalis\u00e9s, de fleurs \u00e0 l&#8217;unit\u00e9 et de compositions florales, et laissez-vous emporter par la beaut\u00e9 enchanteresse de la nature.<\/p>\n\n\n\n<\/div>\n","protected":false},"excerpt":{"rendered":"<p>D\u00e9couvrez nos fleurs coup\u00e9es : fra\u00eeches, \u00e9clatantes et uniques Chez M\u00e9lo&#8217;Fleurs, nous sommes passionn\u00e9s par l&#8217;art de la fleur. C&#8217;est pourquoi nous vous proposons une s\u00e9lection exceptionnelle de fleurs coup\u00e9es, fra\u00eeches et vibrantes de couleurs. Chaque p\u00e9tale est soigneusement choisi pour sa qualit\u00e9 et sa beaut\u00e9, cr\u00e9ant ainsi des compositions florales qui captivent l&#8217;\u0153il et &hellip; <\/p>\n<p class=\"link-more\"><a href=\"https:\/\/melofleurs.fr\/index.php\/fleurs-coupees\/\" class=\"more-link\">Continue reading<span class=\"screen-reader-text\"> &#8220;Fleurs coup\u00e9es&#8221;<\/span><\/a><\/p>\n","protected":false},"author":1,"featured_media":0,"parent":0,"menu_order":0,"comment_status":"closed","ping_status":"closed","template":"","meta":{"footnotes":""},"class_list":["post-121","page","type-page","status-publish","hentry"],"_links":{"self":[{"href":"https:\/\/melofleurs.fr\/index.php\/wp-json\/wp\/v2\/pages\/121","targetHints":{"allow":["GET"]}}],"collection":[{"href":"https:\/\/melofleurs.fr\/index.php\/wp-json\/wp\/v2\/pages"}],"about":[{"href":"https:\/\/melofleurs.fr\/index.php\/wp-json\/wp\/v2\/types\/page"}],"author":[{"embeddable":true,"href":"https:\/\/melofleurs.fr\/index.php\/wp-json\/wp\/v2\/users\/1"}],"replies":[{"embeddable":true,"href":"https:\/\/melofleurs.fr\/index.php\/wp-json\/wp\/v2\/comments?post=121"}],"version-history":[{"count":12,"href":"https:\/\/melofleurs.fr\/index.php\/wp-json\/wp\/v2\/pages\/121\/revisions"}],"predecessor-version":[{"id":504,"href":"https:\/\/melofleurs.fr\/index.php\/wp-json\/wp\/v2\/pages\/121\/revisions\/504"}],"wp:attachment":[{"href":"https:\/\/melofleurs.fr\/index.php\/wp-json\/wp\/v2\/media?parent=121"}],"curies":[{"name":"wp","href":"https:\/\/api.w.org\/{rel}","templated":true}]}}