{"id":132,"date":"2023-10-16T22:51:53","date_gmt":"2023-10-16T20:51:53","guid":{"rendered":"https:\/\/melofleurs.fr\/?page_id=132"},"modified":"2023-11-30T16:44:12","modified_gmt":"2023-11-30T15:44:12","slug":"plantes","status":"publish","type":"page","link":"https:\/\/melofleurs.fr\/index.php\/plantes\/","title":{"rendered":"Plantes"},"content":{"rendered":"\n<div style=\"max-width:810px; margin-left: auto;margin-right: auto;\">\n\n\n\n<div class=\"wp-block-media-text is-stacked-on-mobile\" style=\"grid-template-columns:21% auto\"><figure class=\"wp-block-media-text__media\"><img loading=\"lazy\" decoding=\"async\" width=\"1024\" height=\"1024\" src=\"https:\/\/melofleurs.fr\/wp-content\/uploads\/2023\/11\/xhrKupeqnts4-5-1024x1024.png\" alt=\"\" class=\"wp-image-511 size-full\" srcset=\"https:\/\/melofleurs.fr\/wp-content\/uploads\/2023\/11\/xhrKupeqnts4-5-1024x1024.png 1024w, https:\/\/melofleurs.fr\/wp-content\/uploads\/2023\/11\/xhrKupeqnts4-5-300x300.png 300w, https:\/\/melofleurs.fr\/wp-content\/uploads\/2023\/11\/xhrKupeqnts4-5-150x150.png 150w, https:\/\/melofleurs.fr\/wp-content\/uploads\/2023\/11\/xhrKupeqnts4-5-768x768.png 768w, https:\/\/melofleurs.fr\/wp-content\/uploads\/2023\/11\/xhrKupeqnts4-5-100x100.png 100w, https:\/\/melofleurs.fr\/wp-content\/uploads\/2023\/11\/xhrKupeqnts4-5.png 1080w\" sizes=\"auto, (max-width: 767px) 89vw, (max-width: 1000px) 54vw, (max-width: 1071px) 543px, 580px\" \/><\/figure><div class=\"wp-block-media-text__content\">\n<p><strong>Plantes en pots et jardins<\/strong><\/p>\n\n\n\n<p>D\u00e9couvrez une vitrine florale o\u00f9 l&#8217;\u00e9l\u00e9gance naturelle prend racine dans chaque feuille et chaque pot. Notre petite boutique, dirig\u00e9e par une passionn\u00e9e de la flore, vous invite \u00e0 explorer un monde o\u00f9 la verdure rencontre la cr\u00e9ativit\u00e9. Chaque plante en pot, jardin, et arrangement de plante est soigneusement s\u00e9lectionn\u00e9 pour apporter une touche de fra\u00eecheur et de vie \u00e0 votre int\u00e9rieur.<\/p>\n<\/div><\/div>\n\n\n\n<div style=\"height:40px;\"><\/div>\n\n\n\n<div class=\"wp-block-media-text has-media-on-the-right is-stacked-on-mobile\" style=\"grid-template-columns:auto 23%\"><div class=\"wp-block-media-text__content\">\n<p><strong>Des arrangements uniques pour chaque plante en pot<\/strong><\/p>\n\n\n\n<p>Chaque plante est chouchout\u00e9e pour garantir sa sant\u00e9 et sa vitalit\u00e9, offrant \u00e0 nos clients des options durables et vivaces. Nos arrangements de plantes, con\u00e7us avec art, allient harmonieusement diff\u00e9rentes esp\u00e8ces v\u00e9g\u00e9tales pour cr\u00e9er des compositions uniques qui \u00e9gayent tous les espaces.<\/p>\n<\/div><figure class=\"wp-block-media-text__media\"><img loading=\"lazy\" decoding=\"async\" width=\"1024\" height=\"1024\" src=\"https:\/\/melofleurs.fr\/wp-content\/uploads\/2023\/11\/xhrKupeqnts4-6-1024x1024.png\" alt=\"\" class=\"wp-image-513 size-full\" srcset=\"https:\/\/melofleurs.fr\/wp-content\/uploads\/2023\/11\/xhrKupeqnts4-6-1024x1024.png 1024w, https:\/\/melofleurs.fr\/wp-content\/uploads\/2023\/11\/xhrKupeqnts4-6-300x300.png 300w, https:\/\/melofleurs.fr\/wp-content\/uploads\/2023\/11\/xhrKupeqnts4-6-150x150.png 150w, https:\/\/melofleurs.fr\/wp-content\/uploads\/2023\/11\/xhrKupeqnts4-6-768x768.png 768w, https:\/\/melofleurs.fr\/wp-content\/uploads\/2023\/11\/xhrKupeqnts4-6-100x100.png 100w, https:\/\/melofleurs.fr\/wp-content\/uploads\/2023\/11\/xhrKupeqnts4-6.png 1080w\" sizes=\"auto, (max-width: 767px) 89vw, (max-width: 1000px) 54vw, (max-width: 1071px) 543px, 580px\" \/><\/figure><\/div>\n\n\n\n<div style=\"height:40px;\"><\/div>\n\n\n\n<p>Que ce soit pour \u00e9gayer votre bureau, cr\u00e9er un coin de verdure apaisant dans votre maison, ou offrir un cadeau v\u00e9g\u00e9tal m\u00e9morable, nous vous invitons \u00e0 faire entrer la nature dans votre quotidien. Laissez-vous inspirer par la beaut\u00e9 florissante de notre boutique, o\u00f9 chaque plante est une promesse de vitalit\u00e9 et d&#8217;\u00e9l\u00e9gance.<\/p>\n\n\n\n<\/div>\n","protected":false},"excerpt":{"rendered":"<p>Plantes en pots et jardins D\u00e9couvrez une vitrine florale o\u00f9 l&#8217;\u00e9l\u00e9gance naturelle prend racine dans chaque feuille et chaque pot. Notre petite boutique, dirig\u00e9e par une passionn\u00e9e de la flore, vous invite \u00e0 explorer un monde o\u00f9 la verdure rencontre la cr\u00e9ativit\u00e9. Chaque plante en pot, jardin, et arrangement de plante est soigneusement s\u00e9lectionn\u00e9 pour &hellip; <\/p>\n<p class=\"link-more\"><a href=\"https:\/\/melofleurs.fr\/index.php\/plantes\/\" class=\"more-link\">Continue reading<span class=\"screen-reader-text\"> &#8220;Plantes&#8221;<\/span><\/a><\/p>\n","protected":false},"author":1,"featured_media":0,"parent":0,"menu_order":0,"comment_status":"closed","ping_status":"closed","template":"","meta":{"footnotes":""},"class_list":["post-132","page","type-page","status-publish","hentry"],"_links":{"self":[{"href":"https:\/\/melofleurs.fr\/index.php\/wp-json\/wp\/v2\/pages\/132","targetHints":{"allow":["GET"]}}],"collection":[{"href":"https:\/\/melofleurs.fr\/index.php\/wp-json\/wp\/v2\/pages"}],"about":[{"href":"https:\/\/melofleurs.fr\/index.php\/wp-json\/wp\/v2\/types\/page"}],"author":[{"embeddable":true,"href":"https:\/\/melofleurs.fr\/index.php\/wp-json\/wp\/v2\/users\/1"}],"replies":[{"embeddable":true,"href":"https:\/\/melofleurs.fr\/index.php\/wp-json\/wp\/v2\/comments?post=132"}],"version-history":[{"count":4,"href":"https:\/\/melofleurs.fr\/index.php\/wp-json\/wp\/v2\/pages\/132\/revisions"}],"predecessor-version":[{"id":514,"href":"https:\/\/melofleurs.fr\/index.php\/wp-json\/wp\/v2\/pages\/132\/revisions\/514"}],"wp:attachment":[{"href":"https:\/\/melofleurs.fr\/index.php\/wp-json\/wp\/v2\/media?parent=132"}],"curies":[{"name":"wp","href":"https:\/\/api.w.org\/{rel}","templated":true}]}}