{"id":142,"date":"2023-10-16T22:53:03","date_gmt":"2023-10-16T20:53:03","guid":{"rendered":"https:\/\/melofleurs.fr\/?page_id=142"},"modified":"2023-11-30T16:58:59","modified_gmt":"2023-11-30T15:58:59","slug":"deuils","status":"publish","type":"page","link":"https:\/\/melofleurs.fr\/index.php\/deuils\/","title":{"rendered":"Deuils"},"content":{"rendered":"\n<div style=\"max-width:810px; margin-left: auto;margin-right: auto;\">\n\n\n\n<div class=\"wp-block-media-text is-stacked-on-mobile\" style=\"grid-template-columns:23% auto\"><figure class=\"wp-block-media-text__media\"><img loading=\"lazy\" decoding=\"async\" width=\"1024\" height=\"1024\" src=\"https:\/\/melofleurs.fr\/wp-content\/uploads\/2023\/11\/xhrKupeqnts4-12-1024x1024.png\" alt=\"\" class=\"wp-image-532 size-full\" srcset=\"https:\/\/melofleurs.fr\/wp-content\/uploads\/2023\/11\/xhrKupeqnts4-12-1024x1024.png 1024w, https:\/\/melofleurs.fr\/wp-content\/uploads\/2023\/11\/xhrKupeqnts4-12-300x300.png 300w, https:\/\/melofleurs.fr\/wp-content\/uploads\/2023\/11\/xhrKupeqnts4-12-150x150.png 150w, https:\/\/melofleurs.fr\/wp-content\/uploads\/2023\/11\/xhrKupeqnts4-12-768x768.png 768w, https:\/\/melofleurs.fr\/wp-content\/uploads\/2023\/11\/xhrKupeqnts4-12-100x100.png 100w, https:\/\/melofleurs.fr\/wp-content\/uploads\/2023\/11\/xhrKupeqnts4-12.png 1080w\" sizes=\"auto, (max-width: 767px) 89vw, (max-width: 1000px) 54vw, (max-width: 1071px) 543px, 580px\" \/><\/figure><div class=\"wp-block-media-text__content\">\n<p><strong>Un Hommage Personnalis\u00e9<\/strong><\/p>\n\n\n\n<p>Dans notre humble boutique florale, nous comprenons que le deuil est un moment d\u00e9licat o\u00f9 les mots ne suffisent souvent pas \u00e0 exprimer la douleur et la tristesse. C&#8217;est dans cet esprit que nous vous accompagnons dans votre deuil, offrant des cr\u00e9ations florales empreintes de compassion et de respect. Guid\u00e9s par la sensibilit\u00e9 et le savoir-faire de notre fleuriste d\u00e9vou\u00e9e, nous vous accompagnons dans la recherche d&#8217;arrangements floraux qui expriment vos \u00e9motions avec d\u00e9licatesse et dignit\u00e9.<\/p>\n<\/div><\/div>\n\n\n\n<div style=\"height:40px;\"><\/div>\n\n\n\n<div class=\"wp-block-media-text has-media-on-the-right is-stacked-on-mobile\" style=\"grid-template-columns:auto 22%\"><div class=\"wp-block-media-text__content\">\n<p><strong>Au-del\u00e0 des fleurs : une exp\u00e9rience personnalis\u00e9e pour honorer la m\u00e9moire<\/strong><\/p>\n\n\n\n<p>Notre collection de compositions fun\u00e9raires a \u00e9t\u00e9 con\u00e7ue pour apporter un r\u00e9confort visuel et symbolique en ces moments difficiles. Chaque fleur choisie avec soin est un hommage \u00e0 la vie qui fut, un moyen d&#8217;exprimer l&#8217;amour et la gratitude envers la personne disparue. Des couronnes de fleurs, bouquets piqu\u00e9s, coussins, c\u0153urs, dessus de cercueil, rubans ou encore bouquets de deuil, chaque cr\u00e9ation t\u00e9moigne de notre engagement \u00e0 vous aider \u00e0 honorer la m\u00e9moire de vos proches avec \u00e9l\u00e9gance et respect.<\/p>\n<\/div><figure class=\"wp-block-media-text__media\"><img loading=\"lazy\" decoding=\"async\" width=\"1024\" height=\"1024\" src=\"https:\/\/melofleurs.fr\/wp-content\/uploads\/2023\/11\/xhrKupeqnts4-13-1024x1024.png\" alt=\"\" class=\"wp-image-533 size-full\" srcset=\"https:\/\/melofleurs.fr\/wp-content\/uploads\/2023\/11\/xhrKupeqnts4-13-1024x1024.png 1024w, https:\/\/melofleurs.fr\/wp-content\/uploads\/2023\/11\/xhrKupeqnts4-13-300x300.png 300w, https:\/\/melofleurs.fr\/wp-content\/uploads\/2023\/11\/xhrKupeqnts4-13-150x150.png 150w, https:\/\/melofleurs.fr\/wp-content\/uploads\/2023\/11\/xhrKupeqnts4-13-768x768.png 768w, https:\/\/melofleurs.fr\/wp-content\/uploads\/2023\/11\/xhrKupeqnts4-13-100x100.png 100w, https:\/\/melofleurs.fr\/wp-content\/uploads\/2023\/11\/xhrKupeqnts4-13.png 1080w\" sizes=\"auto, (max-width: 767px) 89vw, (max-width: 1000px) 54vw, (max-width: 1071px) 543px, 580px\" \/><\/figure><\/div>\n\n\n\n<div style=\"height:40px;\"><\/div>\n\n\n\n<div class=\"wp-block-media-text is-stacked-on-mobile\" style=\"grid-template-columns:24% auto\"><figure class=\"wp-block-media-text__media\"><img loading=\"lazy\" decoding=\"async\" width=\"1024\" height=\"1024\" src=\"https:\/\/melofleurs.fr\/wp-content\/uploads\/2023\/10\/flerus-rond-1024x1024.png\" alt=\"\" class=\"wp-image-389 size-full\" srcset=\"https:\/\/melofleurs.fr\/wp-content\/uploads\/2023\/10\/flerus-rond-1024x1024.png 1024w, https:\/\/melofleurs.fr\/wp-content\/uploads\/2023\/10\/flerus-rond-300x300.png 300w, https:\/\/melofleurs.fr\/wp-content\/uploads\/2023\/10\/flerus-rond-150x150.png 150w, https:\/\/melofleurs.fr\/wp-content\/uploads\/2023\/10\/flerus-rond-768x768.png 768w, https:\/\/melofleurs.fr\/wp-content\/uploads\/2023\/10\/flerus-rond-100x100.png 100w, https:\/\/melofleurs.fr\/wp-content\/uploads\/2023\/10\/flerus-rond.png 1080w\" sizes=\"auto, (max-width: 767px) 89vw, (max-width: 1000px) 54vw, (max-width: 1071px) 543px, 580px\" \/><\/figure><div class=\"wp-block-media-text__content\">\n<p><strong>Des commandes sur mesure pour des moments sensibles<\/strong><\/p>\n\n\n\n<p>Au-del\u00e0 de la beaut\u00e9 visuelle, nos arrangements fun\u00e9raires refl\u00e8tent notre engagement envers la compassion et le soutien. Nous comprenons la n\u00e9cessit\u00e9 d&#8217;une approche d\u00e9licate, et c&#8217;est pourquoi chaque d\u00e9tail est pris en consid\u00e9ration pour cr\u00e9er des compositions florales qui capturent l&#8217;essence de la personne que nous pleurons ensemble. Nous sommes l\u00e0 pour vous accompagner dans ce moment de chagrin, en offrant des fleurs qui parlent un langage silencieux mais puissant.<\/p>\n<\/div><\/div>\n\n\n\n<div style=\"height:40px;\"><\/div>\n\n\n\n<p><strong>Nous r\u00e9alisons nos cr\u00e9ation fun\u00e9raire sur commande, vous pouvez nous contacter au 06.72.96.43.71 aux horaires d\u2019ouverture du magasin.&nbsp;<\/strong><\/p>\n\n\n\n<\/div>\n","protected":false},"excerpt":{"rendered":"<p>Un Hommage Personnalis\u00e9 Dans notre humble boutique florale, nous comprenons que le deuil est un moment d\u00e9licat o\u00f9 les mots ne suffisent souvent pas \u00e0 exprimer la douleur et la tristesse. C&#8217;est dans cet esprit que nous vous accompagnons dans votre deuil, offrant des cr\u00e9ations florales empreintes de compassion et de respect. Guid\u00e9s par la &hellip; <\/p>\n<p class=\"link-more\"><a href=\"https:\/\/melofleurs.fr\/index.php\/deuils\/\" class=\"more-link\">Continue reading<span class=\"screen-reader-text\"> &#8220;Deuils&#8221;<\/span><\/a><\/p>\n","protected":false},"author":1,"featured_media":0,"parent":0,"menu_order":0,"comment_status":"closed","ping_status":"closed","template":"","meta":{"footnotes":""},"class_list":["post-142","page","type-page","status-publish","hentry"],"_links":{"self":[{"href":"https:\/\/melofleurs.fr\/index.php\/wp-json\/wp\/v2\/pages\/142","targetHints":{"allow":["GET"]}}],"collection":[{"href":"https:\/\/melofleurs.fr\/index.php\/wp-json\/wp\/v2\/pages"}],"about":[{"href":"https:\/\/melofleurs.fr\/index.php\/wp-json\/wp\/v2\/types\/page"}],"author":[{"embeddable":true,"href":"https:\/\/melofleurs.fr\/index.php\/wp-json\/wp\/v2\/users\/1"}],"replies":[{"embeddable":true,"href":"https:\/\/melofleurs.fr\/index.php\/wp-json\/wp\/v2\/comments?post=142"}],"version-history":[{"count":6,"href":"https:\/\/melofleurs.fr\/index.php\/wp-json\/wp\/v2\/pages\/142\/revisions"}],"predecessor-version":[{"id":535,"href":"https:\/\/melofleurs.fr\/index.php\/wp-json\/wp\/v2\/pages\/142\/revisions\/535"}],"wp:attachment":[{"href":"https:\/\/melofleurs.fr\/index.php\/wp-json\/wp\/v2\/media?parent=142"}],"curies":[{"name":"wp","href":"https:\/\/api.w.org\/{rel}","templated":true}]}}