{"id":7,"date":"2023-10-16T21:29:11","date_gmt":"2023-10-16T19:29:11","guid":{"rendered":"https:\/\/melofleurs.fr\/index.php\/brite\/"},"modified":"2023-12-01T13:35:01","modified_gmt":"2023-12-01T12:35:01","slug":"brite","status":"publish","type":"page","link":"https:\/\/melofleurs.fr\/","title":{"rendered":"Accueil"},"content":{"rendered":"\n<style>\n.body_acccard_MR {\n  display: flex;\n  justify-content: center;\n  align-items: center;\n flex-wrap: wrap;\n}\n\n.body_acccard_MR .container{\n  position: relative;\n  margin : 20px;\n}\n\n.body_acccard_MR .container .card{\n  position: relative;\n  width: 320px;\n  height: 450px;\n  background: #f0c9ca;\n  border-radius: 20px;\n  overflow: hidden;\n}\n\n.body_acccard_MR .container .card:before{\n  content: '';\n  position: absolute;\n  top: 0;\n  left: 0;\n  width: 100%;\n  height: 100%;\n  background: #db95a0;\n  clip-path: circle(150px at 80% 20%);\n  transition: 0.5s ease-in-out;\n}\n\n.body_acccard_MR .container .card:hover:before{\n  clip-path: circle(300px at 80% -20%);\n}\n\n.body_acccard_MR .container .card:after{\n  content: 'M\u00e9lo';\n  position: absolute;\n  top: 30%;\n  left: -10%;\n  font-size: 10em;\n  font-weight: 800;\n  font-style: italic;\n  color: rgba(255,255,255,0.2)\n}\n\n.body_acccard_MR .container .card .imgBx{\n  position: absolute;\n  top: 50%;\n  transform: translateY(-50%);\n  z-index: 1;\n  width: 100%;\n  height: 220px;\n  transition: 0.5s;\n}\n\n.body_acccard_MR .container .card:hover .imgBx{\n  top: 0%;\n  transform: translateY(0%);\n    \n}\n\n.body_acccard_MR .container .card .imgBx img{\n  position: absolute;\n  top: 50%;\n  left: 50%;\n  transform: translate(-50%, -60%);\n  width: 270px;\n}\n\n.body_acccard_MR .container .card .contentBx{\n  position: absolute;\n  bottom: 0;\n  width: 100%;\n  height: 100px;\n  text-align: center;\n  transition: 1s;\n  z-index: 10;\n}\n\n.body_acccard_MR .container .card:hover .contentBx{\n  height: 210px;\n}\n\n.body_acccard_MR .container .card .contentBx h2{\n  position: relative;\n  font-weight: 600;\n  letter-spacing: 1px;\n  color: #593838;\n  margin: 0;\n}\n\n.body_acccard_MR .container .card .contentBx p {\n  color: #593838;\n  padding: 8px 20px;\n  transition: 0.5s;\n  opacity: 0;\n  visibility: hidden;\n  padding-top: 0;\n  padding-bottom: 0;\n}\n\n.container .card:hover .contentBx p{\n  opacity: 1;\n  visibility: visible;\n  transition-delay: 0.5s;\n}\n\n.container .card .contentBx a{\n  display: inline-block;\n  padding: 10px 20px;\n  background: #db95a0;\n  border-radius: 4px;\n  margin-top: 10px;\n  text-decoration: none;\n  font-weight: 600;\n  color: #fff;\n  opacity: 0;\n  transform: translateY(50px);\n  transition: 0.5s;\n  margin-top: 0;\n}\n\n.container .card:hover .contentBx a{\n  opacity: 1;\n  transform: translateY(0px);\n  transition-delay: 0.75s;\n  \n}\n\n.article_acc1_MR {\nwidth: 60%;\nmargin: 0 auto;\ncolor:#593838;\n}\n.article_acc2_MR {\nbackground-image:url(https:\/\/melofleurs.fr\/wp-content\/uploads\/2023\/10\/ed-robertson-UrF1Jf5PamQ-unsplash-1-scaled.jpg);\nmargin: 5em 0 5em 0;\npadding: 3em 35% 3em 35%;\ncolor:#593838;\nfont-weight: 600;\n}\n.article_acc3_MR {\ncolor:#db95a0;\nfont-size: 27px;\ntext-align: center;\n}\n\n.img_deco1_MR, .img_deco2_MR {\nmax-width : 400px;\nposition: absolute;\n}\n.img_deco1_MR {\nmargin-top : 30px;\n}\n.img_deco2_MR {\nright: 0;\nmargin-top : -130px;\n}\n\n@media (max-width: 640px) {.article_acc1_MR {\nwidth: 80%;\n}\n\n.article_acc1_MR img {\ndisplay: none;\n}\n.article_acc2_MR {\nmargin: 5em 0 5em 0;\npadding: 3em 10% 3em 10%;\n}\n.article_acc3_MR {\npadding: 0 5% 0 5%;\nfont-size: 20px;\n}\n.img_deco1_MR { display:none}\n.img_deco2_MR {display:none}\n}\n.hover_tt_MR {\nletter-spacing: auto;\ntransition: 0.75s;\n}\n.hover_tt_MR:hover {\nletter-spacing: 3px;\ntransition: 0.75s;\n}\n.img_size_MR {\ntransform: scale(1);\ntransition: 0.75s;\n}\n.img_size_MR:hover {\ntransform: scale(1.2);\ntransition: 0.75s;\n}\n.p_size_MR {\ntransform: scale(1);\ntransition: 0.75s;\n}\n.p_size_MR:hover {\ntransform: scale(1.1);\ntransition: 0.75s;\n}\n<\/style>\n<div class=\"article_acc1_MR\">\n<div style=\"display: flex;\">\n<div style=\"align-self:center;\"><p class=\"hover_tt_MR\" style=\"color:#db95a0;font-size: 27px; margin-bottom:0px;\"><strong>Bienvenue chez M\u00e9lo&#8217;Fleurs !<\/strong> <\/p>\n<p style=\"letter-spacing: -5px;line-height:-20px; color:#db95a0;\">__________________________________ <br\/>\n____________<\/p> \n<p>D\u00e9couvrez l&#8217;art floral chez <strong style=\"color:#db95a0;\">M\u00e9lo&#8217;Fleurs<\/strong>, o\u00f9 chaque p\u00e9tale raconte une histoire unique. Notre boutique est un havre de <strong>cr\u00e9ativit\u00e9<\/strong> et de <strong>fra\u00eecheur<\/strong> au c\u0153ur du Sundgau. M\u00e9lissa, notre talentueuse fleuriste, s&#8217;engage \u00e0 apporter de la vie \u00e0 chaque bouquet et \u00e0 chaque composition.<\/p>\n<p> Retrouvez nous au <strong>21 rue Jean-Jacques Henner 68130 Wittersdorf.<\/strong><\/p><\/div>\n<div style=\"padding-left: 40px;\"><img decoding=\"async\" class=\"img_size_MR\" src=\"https:\/\/melofleurs.fr\/wp-content\/uploads\/2023\/11\/IMG_20231130_144312.png\" style=\"max-width: 350px;\">\n<\/div> \n<\/div>\n<\/div>\n<img decoding=\"async\" class=\"img_deco1_MR\" src=\"https:\/\/melofleurs.fr\/wp-content\/uploads\/2023\/10\/feuillage-gauche.png\">\n<div class=\"article_acc2_MR\"><p class=\"hover_tt_MR\" style=\"font-size: 27px; margin-bottom:0px; text-align:center\"><strong>Pourquoi Nous Choisir ?<\/strong><\/p><p style=\"letter-spacing: -5px;line-height:-20px;text-align:center\">__________________________________ <br\/>\n____________<\/p> \n<p class=\"p_size_MR\">\u273f <strong>La Passion du Fleuriste Unique :<\/strong> Chez M\u00e9lo&#8217;Fleurs, ce sont 8 ans de passion qui guide notre travail. M\u00e9lissa s&#8217;investit personnellement dans chaque arrangement pour cr\u00e9er des designs qui refl\u00e8tent notre personnalit\u00e9 et notre cr\u00e9ativit\u00e9. <\/p>\n<p class=\"p_size_MR\">\u273f <strong>Fleurs Fra\u00eeches, Id\u00e9es Fra\u00eeches :<\/strong> Nous nous approvisionnons en fleurs fra\u00eeches, garantissant ainsi la meilleure qualit\u00e9 pour nos clients. Chaque bouquet est compos\u00e9 avec soin, alliant harmonieusement les couleurs et les textures.<\/p>\n<p class=\"p_size_MR\">\u273f <strong>Un Service Personnalis\u00e9 :<\/strong> Chez M\u00e9lo&#8217;Fleurs, nous croyons en l&#8217;importance de l&#8217;\u00e9coute. Nous travaillons avec vous pour comprendre vos go\u00fbts, vos occasions et vos pr\u00e9f\u00e9rences, afin de cr\u00e9er des arrangements qui r\u00e9pondent \u00e0 vos attentes et d\u00e9passent vos esp\u00e9rances.<\/p>\n<p class=\"p_size_MR\">\u273f <strong>Livraisons Rapides et Soign\u00e9es :<\/strong> Nos livraisons sont effectu\u00e9es rapidement et avec le plus grand soin aux alentours d&#8217;Altkirch, garantissant que vos fleurs arrivent fra\u00eeches et impeccables.<\/p>\n<p><em>Explorez notre gamme de bouquets, compositions et arrangements en ligne, disponibles par t\u00e9l\u00e9phone ou en magasin. Que ce soit pour un anniversaire, un mariage, ou simplement pour \u00e9gayer votre int\u00e9rieur, M\u00e9lo&#8217;Fleurs est l\u00e0 pour r\u00e9pondre \u00e0 tous vos besoins floraux.<\/em><\/p>\n<\/div> <img decoding=\"async\" class=\"img_deco2_MR\" src=\"https:\/\/melofleurs.fr\/wp-content\/uploads\/2023\/10\/feuillage-droite.png\">\n<div class=\"article_acc3_MR\"> <p class=\"hover_tt_MR\" style=\"margin-bottom:0px;\"><strong>Confiez-nous vos moments sp\u00e9ciaux. <br\/> Faites de chaque jour un festival floral avec M\u00e9lo&#8217;Fleurs.<\/strong><\/p>\n<p style=\"letter-spacing: -5px;line-height:-20px; color:#db95a0;\">__________________________________ <br\/>\n____________<\/p> \n<\/div>\n<div class=\"body_acccard_MR\">\n  <div class=\"container\">\n    <div class=\"card\">\n      <div class=\"imgBx\">\n        <img decoding=\"async\" src=\"https:\/\/melofleurs.fr\/wp-content\/uploads\/2023\/11\/IMG_20231130_145106-copie.png\">\n      <\/div>\n      <div class=\"contentBx\">\n        <h2>Fleurs coup\u00e9es<\/h2>\n        <p> D\u00e9couvrez nos fleurs coup\u00e9es : fra\u00eeches, \u00e9clatantes et uniques. <\/p>\n        <a href=\"https:\/\/melofleurs.fr\/index.php\/fleurs-coupees\/\">En savoir plus<\/a>\n      <\/div>\n    <\/div>\n  <\/div>\n  <div class=\"container\">\n    <div class=\"card\">\n      <div class=\"imgBx\">\n        <img decoding=\"async\" src=\"https:\/\/melofleurs.fr\/wp-content\/uploads\/2023\/11\/IMG_20231130_144455.png\">\n      <\/div>\n      <div class=\"contentBx\">\n        <h2>Fleurs s\u00e9ch\u00e9es<\/h2>\n        <p> Des cr\u00e9ations uniques \u00e0 chaque bouquet pour pr\u00e9servez la beaut\u00e9 naturelle \u00e0 travers le temps. <\/p>\n        <a href=\"https:\/\/melofleurs.fr\/index.php\/fleurs-sechees\/\">En savoir plus<\/a>\n      <\/div>\n    <\/div>\n  <\/div>\n  <div class=\"container\">\n    <div class=\"card\">\n      <div class=\"imgBx\">\n        <img decoding=\"async\" style=\"height:300px; width:144px\" src=\"https:\/\/melofleurs.fr\/wp-content\/uploads\/2023\/11\/IMG_20231130_144702-copie.png\">\n      <\/div>\n      <div class=\"contentBx\">\n        <h2>Plantes<\/h2>\n        <p> Des arrangements uniques pour chaque plante en pot. <\/p>\n        <a href=\"https:\/\/melofleurs.fr\/index.php\/plantes\/\">En savoir plus<\/a>\n      <\/div>\n    <\/div>\n  <\/div>\n  <div class=\"container\">\n    <div class=\"card\">\n      <div class=\"imgBx\">\n        <img decoding=\"async\" src=\"https:\/\/melofleurs.fr\/wp-content\/uploads\/2023\/10\/marie-e1697538631487.png\">\n      <\/div>\n      <div class=\"contentBx\">\n        <h2>Mariages<\/h2>\n        <p> Mariages f\u00e9eriques dans notre boutique florale er cr\u00e9ations sur mesure pour un jour unique. <\/p>\n        <a href=\"https:\/\/melofleurs.fr\/index.php\/mariages\/\">En savoir plus<\/a>\n      <\/div>\n    <\/div>\n  <\/div>\n  <div class=\"container\">\n    <div class=\"card\">\n      <div class=\"imgBx\">\n        <img decoding=\"async\" src=\"https:\/\/melofleurs.fr\/wp-content\/uploads\/2023\/10\/couronne.png\">\n      <\/div>\n      <div class=\"contentBx\">\n        <h2>Deuils<\/h2>\n        <p> Au-del\u00e0 des fleurs : une exp\u00e9rience personnalis\u00e9e pour honorer la m\u00e9moire. <\/p>\n        <a href=\"https:\/\/melofleurs.fr\/index.php\/deuils\/\">En savoir plus<\/a>\n      <\/div>\n    <\/div>\n  <\/div>\n<\/div>\n","protected":false},"excerpt":{"rendered":"<p>Bienvenue chez M\u00e9lo&#8217;Fleurs ! __________________________________ ____________ D\u00e9couvrez l&#8217;art floral chez M\u00e9lo&#8217;Fleurs, o\u00f9 chaque p\u00e9tale raconte une histoire unique. Notre boutique est un havre de cr\u00e9ativit\u00e9 et de fra\u00eecheur au c\u0153ur du Sundgau. M\u00e9lissa, notre talentueuse fleuriste, s&#8217;engage \u00e0 apporter de la vie \u00e0 chaque bouquet et \u00e0 chaque composition. Retrouvez nous au 21 rue Jean-Jacques &hellip; <\/p>\n<p class=\"link-more\"><a href=\"https:\/\/melofleurs.fr\/\" class=\"more-link\">Continue reading<span class=\"screen-reader-text\"> &#8220;Accueil&#8221;<\/span><\/a><\/p>\n","protected":false},"author":1,"featured_media":0,"parent":0,"menu_order":0,"comment_status":"closed","ping_status":"closed","template":"","meta":{"footnotes":""},"class_list":["post-7","page","type-page","status-publish","hentry"],"_links":{"self":[{"href":"https:\/\/melofleurs.fr\/index.php\/wp-json\/wp\/v2\/pages\/7","targetHints":{"allow":["GET"]}}],"collection":[{"href":"https:\/\/melofleurs.fr\/index.php\/wp-json\/wp\/v2\/pages"}],"about":[{"href":"https:\/\/melofleurs.fr\/index.php\/wp-json\/wp\/v2\/types\/page"}],"author":[{"embeddable":true,"href":"https:\/\/melofleurs.fr\/index.php\/wp-json\/wp\/v2\/users\/1"}],"replies":[{"embeddable":true,"href":"https:\/\/melofleurs.fr\/index.php\/wp-json\/wp\/v2\/comments?post=7"}],"version-history":[{"count":144,"href":"https:\/\/melofleurs.fr\/index.php\/wp-json\/wp\/v2\/pages\/7\/revisions"}],"predecessor-version":[{"id":547,"href":"https:\/\/melofleurs.fr\/index.php\/wp-json\/wp\/v2\/pages\/7\/revisions\/547"}],"wp:attachment":[{"href":"https:\/\/melofleurs.fr\/index.php\/wp-json\/wp\/v2\/media?parent=7"}],"curies":[{"name":"wp","href":"https:\/\/api.w.org\/{rel}","templated":true}]}}