{"id":85,"date":"2023-10-16T21:34:29","date_gmt":"2023-10-16T19:34:29","guid":{"rendered":"https:\/\/melofleurs.fr\/?page_id=85"},"modified":"2023-11-30T17:14:02","modified_gmt":"2023-11-30T16:14:02","slug":"contact","status":"publish","type":"page","link":"https:\/\/melofleurs.fr\/index.php\/contact\/","title":{"rendered":"Contact"},"content":{"rendered":"\n<div style=\"max-width:740px; margin-left: auto;margin-right: auto; padding:15px\">\n\n\n\n<p>Vous pouvez nous contacter par t\u00e9l\u00e9phone au : 06 72 96 43 71<\/p>\n\n\n\n<p>Par mail : contact@melofleurs.fr<\/p>\n\n\n\n<p>Nous sommes aussi joignable sur nos r\u00e9seaux sociaux :<\/p>\n\n\n\n<div>\n\t<a href=\"https:\/\/www.facebook.com\/people\/M%C3%A9loFleurs\/61552695920236\/\" target=\"_blank\" rel=\"noopener\"><img decoding=\"async\"  style=\"height : 30px;padding: 0 10px 0 10px;\" src=\"https:\/\/melofleurs.fr\/wp-content\/uploads\/2023\/10\/facebook.png\"><\/a>\n\t<a href=\"https:\/\/www.instagram.com\/melo_fleurs\/\" target=\"_blank\" rel=\"noopener\"><img decoding=\"async\"  style=\"height : 30px; padding: 0 10px 0 10px;\" src=\"https:\/\/melofleurs.fr\/wp-content\/uploads\/2023\/10\/insta.png\"><\/a>\n\t<a href=\"https:\/\/www.tiktok.com\/@melo_fleurs\" target=\"_blank\" rel=\"noopener\"><img decoding=\"async\"  style=\"height : 30px;padding: 0 10px 0 10px;\" src=\"https:\/\/melofleurs.fr\/wp-content\/uploads\/2023\/10\/tiktok.png\"><\/a>\n<\/div>\n\n\n\n<h2 class=\"wp-block-heading\">Vous pouvez aussi utiliser notre formulaire de contact :<\/h2>\n\n\n<style id=\"wpforms-css-vars-350-block-2468803e-0761-481b-baae-9685489a32b1\">\n\t\t\t\t#wpforms-350.wpforms-block-2468803e-0761-481b-baae-9685489a32b1 {\n\t\t\t\t--wpforms-button-background-color: #f78da7;\n\t\t\t}\n\t\t\t<\/style><div class=\"wpforms-container wpforms-container-full wpforms-block wpforms-block-2468803e-0761-481b-baae-9685489a32b1 wpforms-render-modern\" id=\"wpforms-350\"><form id=\"wpforms-form-350\" class=\"wpforms-validate wpforms-form wpforms-ajax-form\" data-formid=\"350\" method=\"post\" enctype=\"multipart\/form-data\" action=\"\/index.php\/wp-json\/wp\/v2\/pages\/85\" data-token=\"5cd6c4c36ca3f50f46016c05d9146e63\" data-token-time=\"1775308750\"><noscript class=\"wpforms-error-noscript\">Please enable JavaScript in your browser to complete this form.<\/noscript><div id=\"wpforms-error-noscript\" style=\"display: none;\">Please enable JavaScript in your browser to complete this form.<\/div><div class=\"wpforms-field-container\"><div id=\"wpforms-350-field_0-container\" class=\"wpforms-field wpforms-field-name\" data-field-id=\"0\"><fieldset><legend class=\"wpforms-field-label\">Nom <span class=\"wpforms-required-label\" aria-hidden=\"true\">*<\/span><\/legend><div class=\"wpforms-field-row wpforms-field-medium\"><div class=\"wpforms-field-row-block wpforms-first wpforms-one-half\"><input type=\"text\" id=\"wpforms-350-field_0\" class=\"wpforms-field-name-first wpforms-field-required\" name=\"wpforms[fields][0][first]\" aria-errormessage=\"wpforms-350-field_0-error\" required><label for=\"wpforms-350-field_0\" class=\"wpforms-field-sublabel after\">First<\/label><\/div><div class=\"wpforms-field-row-block wpforms-one-half\"><input type=\"text\" id=\"wpforms-350-field_0-last\" class=\"wpforms-field-name-last wpforms-field-required\" name=\"wpforms[fields][0][last]\" aria-errormessage=\"wpforms-350-field_0-last-error\" required><label for=\"wpforms-350-field_0-last\" class=\"wpforms-field-sublabel after\">Last<\/label><\/div><\/div><\/fieldset><\/div><div id=\"wpforms-350-field_1-container\" class=\"wpforms-field wpforms-field-email\" data-field-id=\"1\"><label class=\"wpforms-field-label\" for=\"wpforms-350-field_1\">E-mail <span class=\"wpforms-required-label\" aria-hidden=\"true\">*<\/span><\/label><input type=\"email\" id=\"wpforms-350-field_1\" class=\"wpforms-field-medium wpforms-field-required\" name=\"wpforms[fields][1]\" spellcheck=\"false\" aria-errormessage=\"wpforms-350-field_1-error\" required><\/div><div id=\"wpforms-350-field_2-container\" class=\"wpforms-field wpforms-field-textarea\" data-field-id=\"2\"><label class=\"wpforms-field-label\" for=\"wpforms-350-field_2\">Commentaire ou message<\/label><textarea id=\"wpforms-350-field_2\" class=\"wpforms-field-medium\" name=\"wpforms[fields][2]\" aria-errormessage=\"wpforms-350-field_2-error\" ><\/textarea><\/div><\/div><!-- .wpforms-field-container --><div class=\"wpforms-submit-container\" ><input type=\"hidden\" name=\"wpforms[id]\" value=\"350\"><input type=\"hidden\" name=\"page_title\" value=\"\"><input type=\"hidden\" name=\"page_url\" value=\"https:\/\/melofleurs.fr\/index.php\/wp-json\/wp\/v2\/pages\/85\"><input type=\"hidden\" name=\"url_referer\" value=\"\"><button type=\"submit\" name=\"wpforms[submit]\" id=\"wpforms-submit-350\" class=\"wpforms-submit\" data-alt-text=\"Envoi...\" data-submit-text=\"Envoyer\" aria-live=\"assertive\" value=\"wpforms-submit\">Envoyer<\/button><img loading=\"lazy\" decoding=\"async\" src=\"https:\/\/melofleurs.fr\/wp-content\/plugins\/wpforms-lite\/assets\/images\/submit-spin.svg\" class=\"wpforms-submit-spinner\" style=\"display: none;\" width=\"26\" height=\"26\" alt=\"Loading\"><\/div><\/form><\/div>  <!-- .wpforms-container -->\n\n\n<\/div>\n","protected":false},"excerpt":{"rendered":"<p>Vous pouvez nous contacter par t\u00e9l\u00e9phone au : 06 72 96 43 71 Par mail : contact@melofleurs.fr Nous sommes aussi joignable sur nos r\u00e9seaux sociaux : Vous pouvez aussi utiliser notre formulaire de contact :<\/p>\n","protected":false},"author":1,"featured_media":0,"parent":0,"menu_order":0,"comment_status":"closed","ping_status":"closed","template":"","meta":{"footnotes":""},"class_list":["post-85","page","type-page","status-publish","hentry"],"_links":{"self":[{"href":"https:\/\/melofleurs.fr\/index.php\/wp-json\/wp\/v2\/pages\/85","targetHints":{"allow":["GET"]}}],"collection":[{"href":"https:\/\/melofleurs.fr\/index.php\/wp-json\/wp\/v2\/pages"}],"about":[{"href":"https:\/\/melofleurs.fr\/index.php\/wp-json\/wp\/v2\/types\/page"}],"author":[{"embeddable":true,"href":"https:\/\/melofleurs.fr\/index.php\/wp-json\/wp\/v2\/users\/1"}],"replies":[{"embeddable":true,"href":"https:\/\/melofleurs.fr\/index.php\/wp-json\/wp\/v2\/comments?post=85"}],"version-history":[{"count":18,"href":"https:\/\/melofleurs.fr\/index.php\/wp-json\/wp\/v2\/pages\/85\/revisions"}],"predecessor-version":[{"id":544,"href":"https:\/\/melofleurs.fr\/index.php\/wp-json\/wp\/v2\/pages\/85\/revisions\/544"}],"wp:attachment":[{"href":"https:\/\/melofleurs.fr\/index.php\/wp-json\/wp\/v2\/media?parent=85"}],"curies":[{"name":"wp","href":"https:\/\/api.w.org\/{rel}","templated":true}]}}