{"id":88,"date":"2023-10-16T21:45:50","date_gmt":"2023-10-16T19:45:50","guid":{"rendered":"https:\/\/melofleurs.fr\/?page_id=88"},"modified":"2023-11-30T16:17:11","modified_gmt":"2023-11-30T15:17:11","slug":"prestations","status":"publish","type":"page","link":"https:\/\/melofleurs.fr\/index.php\/prestations\/","title":{"rendered":"Prestations"},"content":{"rendered":"\n<style>\n.body_acccard_MR {\n  display: flex;\n  justify-content: center;\n  align-items: center;\n flex-wrap: wrap;\n}\n\n.body_acccard_MR .container{\n  position: relative;\n  margin : 20px;\n}\n\n.body_acccard_MR .container .card{\n  position: relative;\n  width: 320px;\n  height: 450px;\n  background: #f0c9ca;\n  border-radius: 20px;\n  overflow: hidden;\n}\n\n.body_acccard_MR .container .card:before{\n  content: '';\n  position: absolute;\n  top: 0;\n  left: 0;\n  width: 100%;\n  height: 100%;\n  background: #db95a0;\n  clip-path: circle(150px at 80% 20%);\n  transition: 0.5s ease-in-out;\n}\n\n.body_acccard_MR .container .card:hover:before{\n  clip-path: circle(300px at 80% -20%);\n}\n\n.body_acccard_MR .container .card:after{\n  content: 'M\u00e9lo';\n  position: absolute;\n  top: 30%;\n  left: -10%;\n  font-size: 10em;\n  font-weight: 800;\n  font-style: italic;\n  color: rgba(255,255,255,0.2)\n}\n\n.body_acccard_MR .container .card .imgBx{\n  position: absolute;\n  top: 50%;\n  transform: translateY(-50%);\n  z-index: 1;\n  width: 100%;\n  height: 220px;\n  transition: 0.5s;\n}\n\n.body_acccard_MR .container .card:hover .imgBx{\n  top: 0%;\n  transform: translateY(0%);\n    \n}\n\n.body_acccard_MR .container .card .imgBx img{\n  position: absolute;\n  top: 50%;\n  left: 50%;\n  transform: translate(-50%, -60%);\n  width: 270px;\n}\n\n.body_acccard_MR .container .card .contentBx{\n  position: absolute;\n  bottom: 0;\n  width: 100%;\n  height: 100px;\n  text-align: center;\n  transition: 1s;\n  z-index: 10;\n}\n\n.body_acccard_MR .container .card:hover .contentBx{\n  height: 210px;\n}\n\n.body_acccard_MR .container .card .contentBx h2{\n  position: relative;\n  font-weight: 600;\n  letter-spacing: 1px;\n  color: #593838;\n  margin: 0;\n}\n\n.body_acccard_MR .container .card .contentBx p {\n  color: #593838;\n  padding: 8px 20px;\n  transition: 0.5s;\n  opacity: 0;\n  visibility: hidden;\n  padding-top: 0;\n  padding-bottom: 0;\n}\n\n.container .card:hover .contentBx p{\n  opacity: 1;\n  visibility: visible;\n  transition-delay: 0.5s;\n}\n\n.container .card .contentBx a{\n  display: inline-block;\n  padding: 10px 20px;\n  background: #db95a0;\n  border-radius: 4px;\n  margin-top: 10px;\n  text-decoration: none;\n  font-weight: 600;\n  color: #fff;\n  opacity: 0;\n  transform: translateY(50px);\n  transition: 0.5s;\n  margin-top: 0;\n}\n\n.container .card:hover .contentBx a{\n  opacity: 1;\n  transform: translateY(0px);\n  transition-delay: 0.75s;\n  \n}\n\n.article_acc1_MR {\nwidth: 60%;\nmargin: 0 auto;\ncolor:#593838;\n}\n.article_acc2_MR {\nbackground-image:url(https:\/\/melofleurs.fr\/wp-content\/uploads\/2023\/10\/ed-robertson-UrF1Jf5PamQ-unsplash-1-scaled.jpg);\nmargin: 5em 0 5em 0;\npadding: 3em 35% 3em 35%;\ncolor:#593838;\nfont-weight: 600;\n}\n.article_acc3_MR {\ncolor:#db95a0;\nfont-size: 27px;\ntext-align: center;\n}\n\n.img_deco1_MR, .img_deco2_MR {\nmax-width : 400px;\nposition: absolute;\n}\n.img_deco1_MR {\nmargin-top : 30px;\n}\n.img_deco2_MR {\nright: 0;\nmargin-top : -130px;\n}\n\n@media (max-width: 640px) {.article_acc1_MR {\nwidth: 80%;\n}\n\n.article_acc1_MR img {\ndisplay: none;\n}\n.article_acc2_MR {\nmargin: 5em 0 5em 0;\npadding: 3em 10% 3em 10%;\n}\n.article_acc3_MR {\npadding: 0 5% 0 5%;\nfont-size: 20px;\n}\n.img_deco1_MR { display:none}\n.img_deco2_MR {display:none}\n}\n.hover_tt_MR {\nletter-spacing: auto;\ntransition: 0.75s;\n}\n.hover_tt_MR:hover {\nletter-spacing: 3px;\ntransition: 0.75s;\n}\n.img_size_MR {\ntransform: scale(1);\ntransition: 0.75s;\n}\n.img_size_MR:hover {\ntransform: scale(1.2);\ntransition: 0.75s;\n}\n.p_size_MR {\ntransform: scale(1);\ntransition: 0.75s;\n}\n.p_size_MR:hover {\ntransform: scale(1.1);\ntransition: 0.75s;\n}\n<\/style>\n\n<div class=\"body_acccard_MR\">\n  <div class=\"container\">\n    <div class=\"card\">\n      <div class=\"imgBx\">\n        <img decoding=\"async\" src=\"https:\/\/melofleurs.fr\/wp-content\/uploads\/2023\/11\/IMG_20231130_145106-copie.png\">\n      <\/div>\n      <div class=\"contentBx\">\n        <h2>Fleurs coup\u00e9es<\/h2>\n        <p> D\u00e9couvrez nos fleurs coup\u00e9es : fra\u00eeches, \u00e9clatantes et uniques. <\/p>\n        <a href=\"https:\/\/melofleurs.fr\/index.php\/fleurs-coupees\/\">En savoir plus<\/a>\n      <\/div>\n    <\/div>\n  <\/div>\n  <div class=\"container\">\n    <div class=\"card\">\n      <div class=\"imgBx\">\n        <img decoding=\"async\" src=\"https:\/\/melofleurs.fr\/wp-content\/uploads\/2023\/11\/IMG_20231130_144455.png\">\n      <\/div>\n      <div class=\"contentBx\">\n        <h2>Fleurs s\u00e9ch\u00e9es<\/h2>\n        <p> Des cr\u00e9ations uniques \u00e0 chaque bouquet pour pr\u00e9servez la beaut\u00e9 naturelle \u00e0 travers le temps. <\/p>\n        <a href=\"https:\/\/melofleurs.fr\/index.php\/fleurs-sechees\/\">En savoir plus<\/a>\n      <\/div>\n    <\/div>\n  <\/div>\n  <div class=\"container\">\n    <div class=\"card\">\n      <div class=\"imgBx\">\n        <img decoding=\"async\" style=\"height:300px; width:144px\" src=\"https:\/\/melofleurs.fr\/wp-content\/uploads\/2023\/11\/IMG_20231130_144702-copie.png\">\n      <\/div>\n      <div class=\"contentBx\">\n        <h2>Plantes<\/h2>\n        <p>  Des arrangements uniques pour chaque plante en pot. <\/p>\n        <a href=\"https:\/\/melofleurs.fr\/index.php\/plantes\/\">En savoir plus<\/a>\n      <\/div>\n    <\/div>\n  <\/div>\n  <div class=\"container\">\n    <div class=\"card\">\n      <div class=\"imgBx\">\n        <img decoding=\"async\" src=\"https:\/\/melofleurs.fr\/wp-content\/uploads\/2023\/10\/marie-e1697538631487.png\">\n      <\/div>\n      <div class=\"contentBx\">\n        <h2>Mariages<\/h2>\n        <p> Mariages f\u00e9eriques dans notre boutique florale er cr\u00e9ations sur mesure pour un jour unique.  <\/p>\n        <a href=\"https:\/\/melofleurs.fr\/index.php\/mariages\/\">En savoir plus<\/a>\n      <\/div>\n    <\/div>\n  <\/div>\n  <div class=\"container\">\n    <div class=\"card\">\n      <div class=\"imgBx\">\n        <img decoding=\"async\" src=\"https:\/\/melofleurs.fr\/wp-content\/uploads\/2023\/10\/couronne.png\">\n      <\/div>\n      <div class=\"contentBx\">\n        <h2>Deuils<\/h2>\n        <p> Au-del\u00e0 des fleurs : une exp\u00e9rience personnalis\u00e9e pour honorer la m\u00e9moire. <\/p>\n        <a href=\"https:\/\/melofleurs.fr\/index.php\/deuils\/\">En savoir plus<\/a>\n      <\/div>\n    <\/div>\n  <\/div>\n<\/div>\n","protected":false},"excerpt":{"rendered":"<p>Fleurs coup\u00e9es D\u00e9couvrez nos fleurs coup\u00e9es : fra\u00eeches, \u00e9clatantes et uniques. En savoir plus Fleurs s\u00e9ch\u00e9es Des cr\u00e9ations uniques \u00e0 chaque bouquet pour pr\u00e9servez la beaut\u00e9 naturelle \u00e0 travers le temps. En savoir plus Plantes Des arrangements uniques pour chaque plante en pot. En savoir plus Mariages Mariages f\u00e9eriques dans notre boutique florale er cr\u00e9ations &hellip; <\/p>\n<p class=\"link-more\"><a href=\"https:\/\/melofleurs.fr\/index.php\/prestations\/\" class=\"more-link\">Continue reading<span class=\"screen-reader-text\"> &#8220;Prestations&#8221;<\/span><\/a><\/p>\n","protected":false},"author":1,"featured_media":0,"parent":0,"menu_order":0,"comment_status":"closed","ping_status":"closed","template":"","meta":{"footnotes":""},"class_list":["post-88","page","type-page","status-publish","hentry"],"_links":{"self":[{"href":"https:\/\/melofleurs.fr\/index.php\/wp-json\/wp\/v2\/pages\/88","targetHints":{"allow":["GET"]}}],"collection":[{"href":"https:\/\/melofleurs.fr\/index.php\/wp-json\/wp\/v2\/pages"}],"about":[{"href":"https:\/\/melofleurs.fr\/index.php\/wp-json\/wp\/v2\/types\/page"}],"author":[{"embeddable":true,"href":"https:\/\/melofleurs.fr\/index.php\/wp-json\/wp\/v2\/users\/1"}],"replies":[{"embeddable":true,"href":"https:\/\/melofleurs.fr\/index.php\/wp-json\/wp\/v2\/comments?post=88"}],"version-history":[{"count":8,"href":"https:\/\/melofleurs.fr\/index.php\/wp-json\/wp\/v2\/pages\/88\/revisions"}],"predecessor-version":[{"id":490,"href":"https:\/\/melofleurs.fr\/index.php\/wp-json\/wp\/v2\/pages\/88\/revisions\/490"}],"wp:attachment":[{"href":"https:\/\/melofleurs.fr\/index.php\/wp-json\/wp\/v2\/media?parent=88"}],"curies":[{"name":"wp","href":"https:\/\/api.w.org\/{rel}","templated":true}]}}